{"id":336,"date":"2025-04-30T12:12:06","date_gmt":"2025-04-30T10:12:06","guid":{"rendered":"https:\/\/www.belgaz.be\/?page_id=336"},"modified":"2025-04-30T12:16:46","modified_gmt":"2025-04-30T10:16:46","slug":"conditions-generales","status":"publish","type":"page","link":"https:\/\/www.belgaz.be\/de\/conditions-generales\/","title":{"rendered":"Allgemeine Gesch\u00e4ftsbedingungen"},"content":{"rendered":"<div data-elementor-type=\"wp-page\" data-elementor-id=\"336\" class=\"elementor elementor-336\" data-elementor-post-type=\"page\">\n\t\t\t\t<div class=\"elementor-element elementor-element-3e2feea e-con-full e-flex e-con e-parent\" data-id=\"3e2feea\" data-element_type=\"container\">\n\t\t<div class=\"elementor-element elementor-element-3103829 e-con-full e-flex e-con e-child\" data-id=\"3103829\" data-element_type=\"container\">\n\t\t\t\t<div class=\"elementor-element elementor-element-724ee75 elementor-widget__width-auto elementor-absolute elementor-hidden-mobile elementor-widget elementor-widget-shortcode\" data-id=\"724ee75\" data-element_type=\"widget\" data-settings=\"{&quot;_position&quot;:&quot;absolute&quot;}\" data-widget_type=\"shortcode.default\">\n\t\t\t\t<div class=\"elementor-widget-container\">\n\t\t\t\t\t\t\t<div class=\"elementor-shortcode\"><div class=\"trp_language_switcher_shortcode\">\n<div class=\"trp-language-switcher trp-language-switcher-container\" data-no-translation>\n    <div class=\"trp-ls-shortcode-current-language\">\n        <a href=\"#\" class=\"trp-ls-shortcode-disabled-language trp-ls-disabled-language\" title=\"Deutsch\" onclick=\"event.preventDefault()\">\n\t\t\t DE\t\t<\/a>\n    <\/div>\n    <div class=\"trp-ls-shortcode-language\">\n                <a href=\"#\" class=\"trp-ls-shortcode-disabled-language trp-ls-disabled-language\"  title=\"Deutsch\" onclick=\"event.preventDefault()\">\n\t\t\t DE\t\t<\/a>\n                    <a href=\"https:\/\/www.belgaz.be\/de\/wp-json\/wp\/v2\/pages\/336\" title=\"Nederlands\">\n             NL        <\/a>\n\n            <a href=\"https:\/\/www.belgaz.be\/de\/wp-json\/wp\/v2\/pages\/336\" title=\"Fran\u00e7ais\">\n             FR        <\/a>\n\n            <a href=\"https:\/\/www.belgaz.be\/de\/wp-json\/wp\/v2\/pages\/336\" title=\"English (UK)\">\n             EN        <\/a>\n\n            <a href=\"https:\/\/www.belgaz.be\/de\/wp-json\/wp\/v2\/pages\/336\" title=\"T\u00fcrk\u00e7e\">\n             TR        <\/a>\n\n            <a href=\"https:\/\/www.belgaz.be\/de\/wp-json\/wp\/v2\/pages\/336\" title=\"\u0627\u0644\u0639\u0631\u0628\u064a\u0629 \u0627\u0644\u0645\u063a\u0631\u0628\u064a\u0629\">\n             AR        <\/a>\n\n        <\/div>\n    <script type=\"application\/javascript\">\n        \/\/ need to have the same with set from JS on both divs. Otherwise it can push stuff around in HTML\n        var trp_ls_shortcodes = document.querySelectorAll('.trp_language_switcher_shortcode .trp-language-switcher');\n        if ( trp_ls_shortcodes.length > 0) {\n            \/\/ get the last language switcher added\n            var trp_el = trp_ls_shortcodes[trp_ls_shortcodes.length - 1];\n\n            var trp_shortcode_language_item = trp_el.querySelector( '.trp-ls-shortcode-language' )\n            \/\/ set width\n            var trp_ls_shortcode_width                                               = trp_shortcode_language_item.offsetWidth + 16;\n            trp_shortcode_language_item.style.width                                  = trp_ls_shortcode_width + 'px';\n            trp_el.querySelector( '.trp-ls-shortcode-current-language' ).style.width = trp_ls_shortcode_width + 'px';\n\n            \/\/ We're putting this on display: none after we have its width.\n            trp_shortcode_language_item.style.display = 'none';\n        }\n    <\/script>\n<\/div>\n<\/div><\/div>\n\t\t\t\t\t\t<\/div>\n\t\t\t\t<\/div>\n\t\t\t\t<div class=\"elementor-element elementor-element-7a9e6be elementor-widget elementor-widget-image\" data-id=\"7a9e6be\" data-element_type=\"widget\" data-widget_type=\"image.default\">\n\t\t\t\t<div class=\"elementor-widget-container\">\n\t\t\t\t\t\t\t\t\t\t\t\t\t\t\t<img decoding=\"async\" width=\"151\" height=\"32\" src=\"https:\/\/www.belgaz.be\/wp-content\/uploads\/2025\/03\/Belgaz-logo.svg\" class=\"attachment-large size-large wp-image-33\" alt=\"\" \/>\t\t\t\t\t\t\t\t\t\t\t\t\t\t\t<\/div>\n\t\t\t\t<\/div>\n\t\t\t\t<div class=\"elementor-element elementor-element-b27b796 elementor-widget elementor-widget-spacer\" data-id=\"b27b796\" data-element_type=\"widget\" data-widget_type=\"spacer.default\">\n\t\t\t\t<div class=\"elementor-widget-container\">\n\t\t\t\t\t\t\t<div class=\"elementor-spacer\">\n\t\t\t<div class=\"elementor-spacer-inner\"><\/div>\n\t\t<\/div>\n\t\t\t\t\t\t<\/div>\n\t\t\t\t<\/div>\n\t\t\t\t<div class=\"elementor-element elementor-element-4ac3480 elementor-widget elementor-widget-spacer\" data-id=\"4ac3480\" data-element_type=\"widget\" data-widget_type=\"spacer.default\">\n\t\t\t\t<div class=\"elementor-widget-container\">\n\t\t\t\t\t\t\t<div class=\"elementor-spacer\">\n\t\t\t<div class=\"elementor-spacer-inner\"><\/div>\n\t\t<\/div>\n\t\t\t\t\t\t<\/div>\n\t\t\t\t<\/div>\n\t\t\t\t<div class=\"elementor-element elementor-element-fb82b0b elementor-widget elementor-widget-html\" data-id=\"fb82b0b\" data-element_type=\"widget\" data-widget_type=\"html.default\">\n\t\t\t\t<div class=\"elementor-widget-container\">\n\t\t\t\t\t<!DOCTYPE html>\n<html lang=\"fr\">\n<head>\n  <meta charset=\"UTF-8\">\n  <title>Conditions g\u00e9n\u00e9rales - Belgaz SRL<\/title>\n<\/head>\n<body>\n\n<h1>Allgemeine Gesch\u00e4ftsbedingungen f\u00fcr den Verkauf und den Service<\/h1>\n<p><strong>Belgaz SRL<\/strong><br>\nUnternehmensnummer: BE0777.599.609<br>\nSoziale Belagerung: Boulevard Lambermont 127 1030 Schaerbeek<br>\nE-Mail: info@belgaz.be<br>\nTelefon: <\/p>\n\n<h2>1. Gegenstand<\/h2>\n<p>Die vorliegenden Allgemeinen Gesch\u00e4ftsbedingungen basieren auf den Kriterien zur Festlegung der Gesch\u00e4ftsbedingungen der Belgaz SRL, einem unabh\u00e4ngigen und selbstst\u00e4ndigen Dienstleistungsunternehmen mit der Qualit\u00e4t von Strom- und Gasvertr\u00e4gen sowie den Beziehungen zwischen Privatpersonen und Gewerbetreibenden.<\/p>\n\n<h2>2. Maklert\u00e4tigkeit<\/h2>\n<p>Belgaz SRL agitiert ausschlie\u00dflich als Vermittler. Alles, was Sie \u00fcber Energie wissen m\u00fcssen, um Ihrem Kunden zu helfen:\n<ul>\n  <li>Vergleichen Sie die Angebote des M\u00e4rz;<\/li>\n  <li>W\u00e4hlen Sie das an Ihre Bed\u00fcrfnisse angepasste Plus aus.<\/li>\n  <li>Schlie\u00dfen Sie den M\u00f6belvertrag mit dem Eigent\u00fcmer ab.<\/li>\n<\/ul>\nDer Kunde akzeptiert es nicht oder wird nicht angeboten.\n<\/p>\n\n<h2>3. Kostenlos f\u00fcr den Kunden<\/h2>\n<p>Der von Belgaz SRL angebotene Maklerdienst ist f\u00fcr den Kunden letztendlich kostenlos, bitte geben Sie ausdr\u00fccklich und schriftlich das Gegenteil an.<br>\nBelgaz SRL ist f\u00fcr die Leitung der Energiepartner auf Grundlage der Vertragswirksamkeit verantwortlich.<\/p>\n\n<h2>4. Pflichten des Kunden<\/h2>\n<p>Der Kunde verpflichtet sich:\n<ul>\n  <li>Fournir der Informationen genau und \u00e0 jour;<\/li>\n  <li>Warten Sie niemals auf die Rohlinge, um einen Rechtsstreit zu f\u00fchren und die Vorgehensweise zur \u00c4nderung der Einrichtung zu \u00e4ndern.<\/li>\n<\/ul>\n<\/p>\n\n<h2>5. Fehlende Gew\u00e4hrleistung<\/h2>\n<p>Belgaz SRL \u00fcbernimmt keine Garantie daf\u00fcr, dass der Vertrag im Rahmen des Auswahlverfahrens angenommen wird. Die Akzeptanz ist von der kommerziellen Politik des Vermittlers abh\u00e4ngig.<\/p>\n\n<h2>6. Verantwortung<\/h2>\n<p>Belgaz SRL ist f\u00fcr diese Angelegenheit nicht verantwortlich:\n<ul>\n  <li>Entscheidungen oder Fehler liegen beim Sachverst\u00e4ndigen;<\/li>\n  <li>Preisentwicklung nach der Buchung;<\/li>\n  <li>Die Folgen der vom Kunden bereitgestellten Informationen.<\/li>\n<\/ul>\n<\/p>\n\n<h2>7. Dauer und Belastbarkeit<\/h2>\n<p>Die vorliegenden Bedingungen gelten nicht f\u00fcr den Preis einer Kontaktaufnahme \u00fcber Belgaz SRL. Die Verpflichtung des Kunden besteht jederzeit vor Unterzeichnung eines Vertrags mit einem Lieferanten.<\/p>\n\n<h2>8. Donn\u00e9es personalles (RGPD)<\/h2>\n<p>Belgaz SRL respektiert das R\u00e8glement G\u00e9n\u00e9ral sur la Protection des Donn\u00e9es (RGPD). Die gesammelten Sammlungen sind besonders n\u00fctzlich f\u00fcr:\n<ul>\n  <li>Analysieren Sie das Konsommationsprofil;<\/li>\n  <li>Schlagen Sie einen Vertrag zur Energieanpassung vor;<\/li>\n  <li>Kommunizieren Sie mit Ihren Partnern.<\/li>\n<\/ul>\nAucune Donn\u00e9e wird nicht an eine nicht beteiligte Stelle ohne Zustimmung \u00fcbermittelt. Der Kunde kann seine Rechte (Zugriff, Berichtigung, Unterdr\u00fcckung, Widerspruch) aus\u00fcben und Kontakt aufnehmen: <a href=\"mailto:privacy@belgaz.be\">privacy@belgaz.be<\/a>\n<\/p>\n\n<h2>9. Geistiges Eigentum<\/h2>\n<p>Alle von Belgaz SRL verbreiteten Inhalte (Dienstprogramme, Texte, Logos, Berichte) sind gesch\u00fctzt. Jegliche Vervielf\u00e4ltigung oder Verbreitung ohne Genehmigung ist verboten.<\/p>\n\n<h2>10. Litiges et droit anwendbar<\/h2>\n<p>Es gilt belgisches Recht. Mehr als alle rechtlichen Befugnisse der Br\u00fcsseler Tribunale gilt die Entscheidung gegen die Rechtsstreitigkeiten.<\/p>\n\n<\/body>\n<\/html>\t\t\t\t<\/div>\n\t\t\t\t<\/div>\n\t\t\t\t<div class=\"elementor-element elementor-element-c1f1b2b elementor-widget elementor-widget-spacer\" data-id=\"c1f1b2b\" data-element_type=\"widget\" data-widget_type=\"spacer.default\">\n\t\t\t\t<div class=\"elementor-widget-container\">\n\t\t\t\t\t\t\t<div class=\"elementor-spacer\">\n\t\t\t<div class=\"elementor-spacer-inner\"><\/div>\n\t\t<\/div>\n\t\t\t\t\t\t<\/div>\n\t\t\t\t<\/div>\n\t\t\t\t<\/div>\n\t\t\t\t<\/div>\n\t\t<div class=\"elementor-element elementor-element-d3e4f8c e-flex e-con-boxed e-con e-parent\" data-id=\"d3e4f8c\" data-element_type=\"container\">\n\t\t\t\t\t<div class=\"e-con-inner\">\n\t\t\t\t\t<\/div>\n\t\t\t\t<\/div>\n\t\t\t\t<\/div>","protected":false},"excerpt":{"rendered":"<p>Allgemeine Gesch\u00e4ftsbedingungen \u2013 Belgaz SRL Allgemeine Gesch\u00e4ftsbedingungen Belgaz SRL Unternehmensnr.: BE0777.599.609 Standort: Boulevard Lambermont 127 1030 Schaerbeek E-Mail: info@belgaz.be Telefon: 1. Gegenstand Die vorliegenden Allgemeinen Gesch\u00e4ftsbedingungen f\u00fcr den Gegenstand definieren die Modalit\u00e4ten des Unterrichts Belgaz SRL, Agent und Qualit\u00e4t des H\u00f6flings unabh\u00e4ngig und [\u2026]<\/p>","protected":false},"author":1,"featured_media":0,"parent":0,"menu_order":0,"comment_status":"closed","ping_status":"closed","template":"elementor_canvas","meta":{"footnotes":""},"class_list":["post-336","page","type-page","status-publish","hentry"],"yoast_head":"<!-- This site is optimized with the Yoast SEO plugin v25.0 - https:\/\/yoast.com\/wordpress\/plugins\/seo\/ -->\n<title>Conditions g\u00e9n\u00e9rales - BELGAZ<\/title>\n<meta name=\"robots\" content=\"index, follow, max-snippet:-1, max-image-preview:large, max-video-preview:-1\" \/>\n<link rel=\"canonical\" href=\"https:\/\/www.belgaz.be\/de\/conditions-generales\/\" \/>\n<meta property=\"og:locale\" content=\"de_DE\" \/>\n<meta property=\"og:type\" content=\"article\" \/>\n<meta property=\"og:title\" content=\"Conditions g\u00e9n\u00e9rales - BELGAZ\" \/>\n<meta property=\"og:description\" content=\"Conditions g\u00e9n\u00e9rales &#8211; Belgaz SRL Conditions G\u00e9n\u00e9rales de Vente et de Service Belgaz SRL N\u00b0 d\u2019entreprise : BE0777.599.609 Si\u00e8ge social : Boulevard Lambermont 127 1030 Schaerbeek E-mail : info@belgaz.be T\u00e9l\u00e9phone : 1. Objet Les pr\u00e9sentes conditions g\u00e9n\u00e9rales ont pour objet de d\u00e9finir les modalit\u00e9s dans lesquelles Belgaz SRL, agissant en qualit\u00e9 de courtier ind\u00e9pendant en [&hellip;]\" \/>\n<meta property=\"og:url\" content=\"https:\/\/www.belgaz.be\/de\/conditions-generales\/\" \/>\n<meta property=\"og:site_name\" content=\"BELGAZ\" \/>\n<meta property=\"article:modified_time\" content=\"2025-04-30T10:16:46+00:00\" \/>\n<meta name=\"twitter:card\" content=\"summary_large_image\" \/>\n<meta name=\"twitter:label1\" content=\"Gesch\u00e4tzte Lesezeit\" \/>\n\t<meta name=\"twitter:data1\" content=\"3\u00a0Minuten\" \/>\n<script type=\"application\/ld+json\" class=\"yoast-schema-graph\">{\"@context\":\"https:\/\/schema.org\",\"@graph\":[{\"@type\":\"WebPage\",\"@id\":\"https:\/\/www.belgaz.be\/conditions-generales\/\",\"url\":\"https:\/\/www.belgaz.be\/conditions-generales\/\",\"name\":\"Conditions g\u00e9n\u00e9rales - BELGAZ\",\"isPartOf\":{\"@id\":\"https:\/\/www.belgaz.be\/#website\"},\"primaryImageOfPage\":{\"@id\":\"https:\/\/www.belgaz.be\/conditions-generales\/#primaryimage\"},\"image\":{\"@id\":\"https:\/\/www.belgaz.be\/conditions-generales\/#primaryimage\"},\"thumbnailUrl\":\"https:\/\/www.belgaz.be\/wp-content\/uploads\/2025\/03\/Belgaz-logo.svg\",\"datePublished\":\"2025-04-30T10:12:06+00:00\",\"dateModified\":\"2025-04-30T10:16:46+00:00\",\"breadcrumb\":{\"@id\":\"https:\/\/www.belgaz.be\/conditions-generales\/#breadcrumb\"},\"inLanguage\":\"de\",\"potentialAction\":[{\"@type\":\"ReadAction\",\"target\":[\"https:\/\/www.belgaz.be\/conditions-generales\/\"]}]},{\"@type\":\"ImageObject\",\"inLanguage\":\"de\",\"@id\":\"https:\/\/www.belgaz.be\/conditions-generales\/#primaryimage\",\"url\":\"https:\/\/www.belgaz.be\/wp-content\/uploads\/2025\/03\/Belgaz-logo.svg\",\"contentUrl\":\"https:\/\/www.belgaz.be\/wp-content\/uploads\/2025\/03\/Belgaz-logo.svg\"},{\"@type\":\"BreadcrumbList\",\"@id\":\"https:\/\/www.belgaz.be\/conditions-generales\/#breadcrumb\",\"itemListElement\":[{\"@type\":\"ListItem\",\"position\":1,\"name\":\"Accueil\",\"item\":\"https:\/\/www.belgaz.be\/\"},{\"@type\":\"ListItem\",\"position\":2,\"name\":\"Conditions g\u00e9n\u00e9rales\"}]},{\"@type\":\"WebSite\",\"@id\":\"https:\/\/www.belgaz.be\/#website\",\"url\":\"https:\/\/www.belgaz.be\/\",\"name\":\"BELGAZ\",\"description\":\"\",\"publisher\":{\"@id\":\"https:\/\/www.belgaz.be\/#organization\"},\"potentialAction\":[{\"@type\":\"SearchAction\",\"target\":{\"@type\":\"EntryPoint\",\"urlTemplate\":\"https:\/\/www.belgaz.be\/?s={search_term_string}\"},\"query-input\":{\"@type\":\"PropertyValueSpecification\",\"valueRequired\":true,\"valueName\":\"search_term_string\"}}],\"inLanguage\":\"de\"},{\"@type\":\"Organization\",\"@id\":\"https:\/\/www.belgaz.be\/#organization\",\"name\":\"BELGAZ\",\"url\":\"https:\/\/www.belgaz.be\/\",\"logo\":{\"@type\":\"ImageObject\",\"inLanguage\":\"de\",\"@id\":\"https:\/\/www.belgaz.be\/#\/schema\/logo\/image\/\",\"url\":\"https:\/\/www.belgaz.be\/wp-content\/uploads\/2025\/03\/Belgaz-logo.svg\",\"contentUrl\":\"https:\/\/www.belgaz.be\/wp-content\/uploads\/2025\/03\/Belgaz-logo.svg\",\"width\":151,\"height\":32,\"caption\":\"BELGAZ\"},\"image\":{\"@id\":\"https:\/\/www.belgaz.be\/#\/schema\/logo\/image\/\"}}]}<\/script>\n<!-- \/ Yoast SEO plugin. -->","yoast_head_json":{"title":"Conditions g\u00e9n\u00e9rales - BELGAZ","robots":{"index":"index","follow":"follow","max-snippet":"max-snippet:-1","max-image-preview":"max-image-preview:large","max-video-preview":"max-video-preview:-1"},"canonical":"https:\/\/www.belgaz.be\/de\/conditions-generales\/","og_locale":"de_DE","og_type":"article","og_title":"Conditions g\u00e9n\u00e9rales - BELGAZ","og_description":"Conditions g\u00e9n\u00e9rales &#8211; Belgaz SRL Conditions G\u00e9n\u00e9rales de Vente et de Service Belgaz SRL N\u00b0 d\u2019entreprise : BE0777.599.609 Si\u00e8ge social : Boulevard Lambermont 127 1030 Schaerbeek E-mail : info@belgaz.be T\u00e9l\u00e9phone : 1. Objet Les pr\u00e9sentes conditions g\u00e9n\u00e9rales ont pour objet de d\u00e9finir les modalit\u00e9s dans lesquelles Belgaz SRL, agissant en qualit\u00e9 de courtier ind\u00e9pendant en [&hellip;]","og_url":"https:\/\/www.belgaz.be\/de\/conditions-generales\/","og_site_name":"BELGAZ","article_modified_time":"2025-04-30T10:16:46+00:00","twitter_card":"summary_large_image","twitter_misc":{"Gesch\u00e4tzte Lesezeit":"3\u00a0Minuten"},"schema":{"@context":"https:\/\/schema.org","@graph":[{"@type":"WebPage","@id":"https:\/\/www.belgaz.be\/conditions-generales\/","url":"https:\/\/www.belgaz.be\/conditions-generales\/","name":"Conditions g\u00e9n\u00e9rales - BELGAZ","isPartOf":{"@id":"https:\/\/www.belgaz.be\/#website"},"primaryImageOfPage":{"@id":"https:\/\/www.belgaz.be\/conditions-generales\/#primaryimage"},"image":{"@id":"https:\/\/www.belgaz.be\/conditions-generales\/#primaryimage"},"thumbnailUrl":"https:\/\/www.belgaz.be\/wp-content\/uploads\/2025\/03\/Belgaz-logo.svg","datePublished":"2025-04-30T10:12:06+00:00","dateModified":"2025-04-30T10:16:46+00:00","breadcrumb":{"@id":"https:\/\/www.belgaz.be\/conditions-generales\/#breadcrumb"},"inLanguage":"de","potentialAction":[{"@type":"ReadAction","target":["https:\/\/www.belgaz.be\/conditions-generales\/"]}]},{"@type":"ImageObject","inLanguage":"de","@id":"https:\/\/www.belgaz.be\/conditions-generales\/#primaryimage","url":"https:\/\/www.belgaz.be\/wp-content\/uploads\/2025\/03\/Belgaz-logo.svg","contentUrl":"https:\/\/www.belgaz.be\/wp-content\/uploads\/2025\/03\/Belgaz-logo.svg"},{"@type":"BreadcrumbList","@id":"https:\/\/www.belgaz.be\/conditions-generales\/#breadcrumb","itemListElement":[{"@type":"ListItem","position":1,"name":"Accueil","item":"https:\/\/www.belgaz.be\/"},{"@type":"ListItem","position":2,"name":"Conditions g\u00e9n\u00e9rales"}]},{"@type":"WebSite","@id":"https:\/\/www.belgaz.be\/#website","url":"https:\/\/www.belgaz.be\/","name":"BELGAZ","description":"","publisher":{"@id":"https:\/\/www.belgaz.be\/#organization"},"potentialAction":[{"@type":"SearchAction","target":{"@type":"EntryPoint","urlTemplate":"https:\/\/www.belgaz.be\/?s={search_term_string}"},"query-input":{"@type":"PropertyValueSpecification","valueRequired":true,"valueName":"search_term_string"}}],"inLanguage":"de"},{"@type":"Organization","@id":"https:\/\/www.belgaz.be\/#organization","name":"BELGAZ","url":"https:\/\/www.belgaz.be\/","logo":{"@type":"ImageObject","inLanguage":"de","@id":"https:\/\/www.belgaz.be\/#\/schema\/logo\/image\/","url":"https:\/\/www.belgaz.be\/wp-content\/uploads\/2025\/03\/Belgaz-logo.svg","contentUrl":"https:\/\/www.belgaz.be\/wp-content\/uploads\/2025\/03\/Belgaz-logo.svg","width":151,"height":32,"caption":"BELGAZ"},"image":{"@id":"https:\/\/www.belgaz.be\/#\/schema\/logo\/image\/"}}]}},"_links":{"self":[{"href":"https:\/\/www.belgaz.be\/de\/wp-json\/wp\/v2\/pages\/336","targetHints":{"allow":["GET"]}}],"collection":[{"href":"https:\/\/www.belgaz.be\/de\/wp-json\/wp\/v2\/pages"}],"about":[{"href":"https:\/\/www.belgaz.be\/de\/wp-json\/wp\/v2\/types\/page"}],"author":[{"embeddable":true,"href":"https:\/\/www.belgaz.be\/de\/wp-json\/wp\/v2\/users\/1"}],"replies":[{"embeddable":true,"href":"https:\/\/www.belgaz.be\/de\/wp-json\/wp\/v2\/comments?post=336"}],"version-history":[{"count":10,"href":"https:\/\/www.belgaz.be\/de\/wp-json\/wp\/v2\/pages\/336\/revisions"}],"predecessor-version":[{"id":347,"href":"https:\/\/www.belgaz.be\/de\/wp-json\/wp\/v2\/pages\/336\/revisions\/347"}],"wp:attachment":[{"href":"https:\/\/www.belgaz.be\/de\/wp-json\/wp\/v2\/media?parent=336"}],"curies":[{"name":"wp","href":"https:\/\/api.w.org\/{rel}","templated":true}]}}