{"id":336,"date":"2025-04-30T12:12:06","date_gmt":"2025-04-30T10:12:06","guid":{"rendered":"https:\/\/www.belgaz.be\/?page_id=336"},"modified":"2025-04-30T12:16:46","modified_gmt":"2025-04-30T10:16:46","slug":"conditions-generales","status":"publish","type":"page","link":"https:\/\/www.belgaz.be\/ar\/conditions-generales\/","title":{"rendered":"\u0627\u0644\u0634\u0631\u0648\u0637 \u0648\u0627\u0644\u0623\u062d\u0643\u0627\u0645 \u0627\u0644\u0639\u0627\u0645\u0629"},"content":{"rendered":"<div data-elementor-type=\"wp-page\" data-elementor-id=\"336\" class=\"elementor elementor-336\" data-elementor-post-type=\"page\">\n\t\t\t\t<div class=\"elementor-element elementor-element-3e2feea e-con-full e-flex e-con e-parent\" data-id=\"3e2feea\" data-element_type=\"container\">\n\t\t<div class=\"elementor-element elementor-element-3103829 e-con-full e-flex e-con e-child\" data-id=\"3103829\" data-element_type=\"container\">\n\t\t\t\t<div class=\"elementor-element elementor-element-724ee75 elementor-widget__width-auto elementor-absolute elementor-hidden-mobile elementor-widget elementor-widget-shortcode\" data-id=\"724ee75\" data-element_type=\"widget\" data-settings=\"{&quot;_position&quot;:&quot;absolute&quot;}\" data-widget_type=\"shortcode.default\">\n\t\t\t\t<div class=\"elementor-widget-container\">\n\t\t\t\t\t\t\t<div class=\"elementor-shortcode\"><div class=\"trp_language_switcher_shortcode\">\n<div class=\"trp-language-switcher trp-language-switcher-container\" data-no-translation>\n    <div class=\"trp-ls-shortcode-current-language\">\n        <a href=\"#\" class=\"trp-ls-shortcode-disabled-language trp-ls-disabled-language\" title=\"\u0627\u0644\u0639\u0631\u0628\u064a\u0629 \u0627\u0644\u0645\u063a\u0631\u0628\u064a\u0629\" onclick=\"event.preventDefault()\">\n\t\t\t AR\t\t<\/a>\n    <\/div>\n    <div class=\"trp-ls-shortcode-language\">\n                <a href=\"#\" class=\"trp-ls-shortcode-disabled-language trp-ls-disabled-language\"  title=\"\u0627\u0644\u0639\u0631\u0628\u064a\u0629 \u0627\u0644\u0645\u063a\u0631\u0628\u064a\u0629\" onclick=\"event.preventDefault()\">\n\t\t\t AR\t\t<\/a>\n                    <a href=\"https:\/\/www.belgaz.be\/ar\/wp-json\/wp\/v2\/pages\/336\" title=\"Nederlands\">\n             NL        <\/a>\n\n            <a href=\"https:\/\/www.belgaz.be\/ar\/wp-json\/wp\/v2\/pages\/336\" title=\"Fran\u00e7ais\">\n             FR        <\/a>\n\n            <a href=\"https:\/\/www.belgaz.be\/ar\/wp-json\/wp\/v2\/pages\/336\" title=\"English (UK)\">\n             EN        <\/a>\n\n            <a href=\"https:\/\/www.belgaz.be\/ar\/wp-json\/wp\/v2\/pages\/336\" title=\"T\u00fcrk\u00e7e\">\n             TR        <\/a>\n\n            <a href=\"https:\/\/www.belgaz.be\/ar\/wp-json\/wp\/v2\/pages\/336\" title=\"Deutsch\">\n             DE        <\/a>\n\n        <\/div>\n    <script type=\"application\/javascript\">\n        \/\/ need to have the same with set from JS on both divs. Otherwise it can push stuff around in HTML\n        var trp_ls_shortcodes = document.querySelectorAll('.trp_language_switcher_shortcode .trp-language-switcher');\n        if ( trp_ls_shortcodes.length > 0) {\n            \/\/ get the last language switcher added\n            var trp_el = trp_ls_shortcodes[trp_ls_shortcodes.length - 1];\n\n            var trp_shortcode_language_item = trp_el.querySelector( '.trp-ls-shortcode-language' )\n            \/\/ set width\n            var trp_ls_shortcode_width                                               = trp_shortcode_language_item.offsetWidth + 16;\n            trp_shortcode_language_item.style.width                                  = trp_ls_shortcode_width + 'px';\n            trp_el.querySelector( '.trp-ls-shortcode-current-language' ).style.width = trp_ls_shortcode_width + 'px';\n\n            \/\/ We're putting this on display: none after we have its width.\n            trp_shortcode_language_item.style.display = 'none';\n        }\n    <\/script>\n<\/div>\n<\/div><\/div>\n\t\t\t\t\t\t<\/div>\n\t\t\t\t<\/div>\n\t\t\t\t<div class=\"elementor-element elementor-element-7a9e6be elementor-widget elementor-widget-image\" data-id=\"7a9e6be\" data-element_type=\"widget\" data-widget_type=\"image.default\">\n\t\t\t\t<div class=\"elementor-widget-container\">\n\t\t\t\t\t\t\t\t\t\t\t\t\t\t\t<img decoding=\"async\" width=\"151\" height=\"32\" src=\"https:\/\/www.belgaz.be\/wp-content\/uploads\/2025\/03\/Belgaz-logo.svg\" class=\"attachment-large size-large wp-image-33\" alt=\"\" \/>\t\t\t\t\t\t\t\t\t\t\t\t\t\t\t<\/div>\n\t\t\t\t<\/div>\n\t\t\t\t<div class=\"elementor-element elementor-element-b27b796 elementor-widget elementor-widget-spacer\" data-id=\"b27b796\" data-element_type=\"widget\" data-widget_type=\"spacer.default\">\n\t\t\t\t<div class=\"elementor-widget-container\">\n\t\t\t\t\t\t\t<div class=\"elementor-spacer\">\n\t\t\t<div class=\"elementor-spacer-inner\"><\/div>\n\t\t<\/div>\n\t\t\t\t\t\t<\/div>\n\t\t\t\t<\/div>\n\t\t\t\t<div class=\"elementor-element elementor-element-4ac3480 elementor-widget elementor-widget-spacer\" data-id=\"4ac3480\" data-element_type=\"widget\" data-widget_type=\"spacer.default\">\n\t\t\t\t<div class=\"elementor-widget-container\">\n\t\t\t\t\t\t\t<div class=\"elementor-spacer\">\n\t\t\t<div class=\"elementor-spacer-inner\"><\/div>\n\t\t<\/div>\n\t\t\t\t\t\t<\/div>\n\t\t\t\t<\/div>\n\t\t\t\t<div class=\"elementor-element elementor-element-fb82b0b elementor-widget elementor-widget-html\" data-id=\"fb82b0b\" data-element_type=\"widget\" data-widget_type=\"html.default\">\n\t\t\t\t<div class=\"elementor-widget-container\">\n\t\t\t\t\t<!DOCTYPE html>\n<html lang=\"fr\">\n<head>\n  <meta charset=\"UTF-8\">\n  <title>Conditions g\u00e9n\u00e9rales - Belgaz SRL<\/title>\n<\/head>\n<body>\n\n<h1>\u0627\u0644\u0634\u0631\u0648\u0637 \u0627\u0644\u0639\u0627\u0645\u0629 \u0644\u0644\u0645\u0628\u064a\u0639\u0627\u062a \u0648\u0627\u0644\u062e\u062f\u0645\u0629<\/h1>\n<p><strong>\u0634\u0631\u0643\u0629 \u0628\u064a\u0644\u063a\u0627\u0632 \u0627\u0644\u0645\u062d\u062f\u0648\u062f\u0629<\/strong><br>\n\u0631\u0642\u0645 \u0627\u0644\u0645\u0624\u0633\u0633\u0629: BE0777.599.609<br>\n\u0627\u0644\u062d\u0635\u0627\u0631 \u0627\u0644\u0627\u062c\u062a\u0645\u0627\u0639\u064a: Boulevard Lambermont 127 1030 Schaerbeek<br>\n\u0627\u0644\u0628\u0631\u064a\u062f \u0627\u0644\u0625\u0644\u0643\u062a\u0631\u0648\u0646\u064a: info@belgaz.be<br>\n\u0627\u0644\u0647\u0627\u062a\u0641 : <\/p>\n\n<h2>1. \u0627\u0644\u0634\u064a\u0621<\/h2>\n<p>\u062a\u0639\u062a\u0645\u062f \u0627\u0644\u0634\u0631\u0648\u0637 \u0627\u0644\u0639\u0627\u0645\u0629 \u0627\u0644\u062d\u0627\u0644\u064a\u0629 \u0639\u0644\u0649 \u062a\u062d\u062f\u064a\u062f \u0623\u0634\u0643\u0627\u0644 \u0627\u0644\u062f\u0631\u0648\u0633 \u0627\u0644\u062a\u064a \u062a\u062a\u062d\u0645\u0644 \u0634\u0631\u0643\u0629 Belgaz SRL \u0645\u0633\u0624\u0648\u0644\u064a\u062a\u0647\u0627 \u0648\u062c\u0648\u062f\u0629 \u0627\u0644\u0645\u062d\u0643\u0645\u0629 \u0627\u0644\u0645\u0633\u062a\u0642\u0644\u0629 \u0648\u0639\u0642\u0648\u062f \u0627\u0644\u0643\u0647\u0631\u0628\u0627\u0621 \u0648\u0627\u0644\u063a\u0627\u0632\u060c \u0645\u0639 \u0639\u0644\u0627\u0642\u0627\u062a \u0627\u0644\u0645\u0633\u062a\u0647\u0644\u0643\u064a\u0646 (\u0627\u0644\u0623\u0641\u0631\u0627\u062f \u0648\u0627\u0644\u0645\u0647\u0646\u064a\u064a\u0646) \u0628\u0645\u0633\u0627\u0639\u062f\u0629 \u0645\u0632\u0648\u062f\u064a \u0627\u0644\u0637\u0627\u0642\u0629.<\/p>\n\n<h2>2. \u0646\u0634\u0627\u0637 \u0627\u0644\u0648\u0633\u0627\u0637\u0629<\/h2>\n<p>\u062a\u0639\u0645\u0644 \u0634\u0631\u0643\u0629 Belgaz SRL \u062d\u0635\u0631\u064a\u064b\u0627 \u0641\u064a \u0647\u0630\u0627 \u0627\u0644\u0648\u0642\u062a. \u0643\u0644 \u0645\u0627 \u062a\u062d\u062a\u0627\u062c \u0625\u0644\u0649 \u0645\u0639\u0631\u0641\u062a\u0647 \u0639\u0646 \u0627\u0644\u0637\u0627\u0642\u0629 \u0644\u0645\u0633\u0627\u0639\u062f\u0629 \u0639\u0645\u064a\u0644\u0643:\n<ul>\n  <li>\u0645\u0642\u0627\u0631\u0646\u0629 \u0639\u0631\u0648\u0636 \u0627\u0644\u0645\u0633\u064a\u0631\u0629\u061b<\/li>\n  <li>\u0642\u0645 \u0628\u0627\u062e\u062a\u064a\u0627\u0631 \u0627\u0644\u0645\u0648\u0631\u062f \u0627\u0644\u0623\u0643\u062b\u0631 \u0645\u0644\u0627\u0621\u0645\u0629 \u0644\u0627\u062d\u062a\u064a\u0627\u062c\u0627\u062a\u0643\u061b<\/li>\n  <li>\u0642\u0645 \u0628\u0625\u062a\u0645\u0627\u0645 \u0639\u0642\u062f \u0627\u0644\u062a\u0648\u0631\u064a\u062f \u0645\u0639 \u0627\u0644\u0645\u0648\u0631\u062f.<\/li>\n<\/ul>\n\u064a\u0645\u0643\u0646 \u0644\u0644\u0639\u0645\u064a\u0644 \u0642\u0628\u0648\u0644 \u0627\u0644\u0639\u0631\u0636 \u0623\u0648 \u0639\u062f\u0645 \u0639\u0631\u0636\u0647.\n<\/p>\n\n<h2>3. \u0645\u062c\u0627\u0646\u064b\u0627 \u0644\u0644\u0639\u0645\u064a\u0644<\/h2>\n<p>\u0625\u0646 \u062e\u062f\u0645\u0629 \u0627\u0644\u0648\u0633\u0627\u0637\u0629 \u0627\u0644\u062a\u064a \u062a\u0642\u062f\u0645\u0647\u0627 \u0634\u0631\u0643\u0629 Belgaz SRL \u0645\u062c\u0627\u0646\u064a\u0629 \u0644\u0644\u0639\u0645\u064a\u0644 \u0641\u064a \u0627\u0644\u0646\u0647\u0627\u064a\u0629\u060c \u064a\u0631\u062c\u0649 \u0630\u0643\u0631 \u0627\u0644\u0639\u0643\u0633 \u062a\u0645\u0627\u0645\u064b\u0627 \u0648\u0627\u0644\u0643\u062a\u0627\u0628\u0629.<br>\n\u062a\u062a\u0648\u0644\u0649 \u0634\u0631\u0643\u0629 Belgaz SRL \u0645\u0633\u0624\u0648\u0644\u064a\u0629 \u062a\u0648\u062c\u064a\u0647 \u0634\u0631\u0643\u0627\u0621 \u0627\u0644\u0637\u0627\u0642\u0629 \u0628\u0646\u0627\u0621\u064b \u0639\u0644\u0649 \u0641\u0639\u0627\u0644\u064a\u0629 \u0627\u0644\u0639\u0642\u062f.<\/p>\n\n<h2>4. \u0627\u0644\u062a\u0632\u0627\u0645\u0627\u062a \u0627\u0644\u0639\u0645\u064a\u0644<\/h2>\n<p>\u0627\u0644\u0639\u0645\u064a\u0644 \u0645\u0644\u062a\u0632\u0645 \u0628\u0640:\n<ul>\n  <li>\u062a\u0648\u0641\u064a\u0631 \u0627\u0644\u0645\u0639\u0644\u0648\u0645\u0627\u062a \u0627\u0644\u062f\u0642\u064a\u0642\u0629 \u0648\u0627\u0644\u064a\u0648\u0645\u064a\u0629\u061b<\/li>\n  <li>\u0644\u0627 \u062a\u0646\u062a\u0638\u0631 \u0623\u0628\u062f\u064b\u0627 \u062d\u062a\u0649 \u064a\u062a\u0645 \u062a\u0633\u0648\u064a\u0629 \u0627\u0644\u0641\u0631\u0627\u063a\u0627\u062a \u0648\u0627\u062a\u062e\u0627\u0630 \u0627\u0644\u0625\u062c\u0631\u0627\u0621\u0627\u062a \u0627\u0644\u0644\u0627\u0632\u0645\u0629 \u0644\u062a\u063a\u064a\u064a\u0631 \u0627\u0644\u0645\u0641\u0631\u0648\u0634\u0627\u062a.<\/li>\n<\/ul>\n<\/p>\n\n<h2>5. \u0639\u062f\u0645 \u0648\u062c\u0648\u062f \u0627\u0644\u0636\u0645\u0627\u0646<\/h2>\n<p>\u0644\u0627 \u062a\u0636\u0645\u0646 \u0634\u0631\u0643\u0629 Belgaz SRL \u0642\u0628\u0648\u0644 \u0627\u0644\u0639\u0642\u062f \u0623\u062b\u0646\u0627\u0621 \u0639\u0645\u0644\u064a\u0629 \u0627\u0644\u0627\u062e\u062a\u064a\u0627\u0631. \u064a\u0631\u062a\u0628\u0637 \u0627\u0644\u0642\u0628\u0648\u0644 \u0628\u0627\u0644\u0643\u0627\u0645\u0644 \u0628\u0627\u0644\u0633\u064a\u0627\u0633\u0629 \u0627\u0644\u062a\u062c\u0627\u0631\u064a\u0629 \u0644\u0644\u0645\u0648\u0631\u062f.<\/p>\n\n<h2>6. \u0627\u0644\u0645\u0633\u0624\u0648\u0644\u064a\u0629<\/h2>\n<p>\u0634\u0631\u0643\u0629 Belgaz SRL \u0644\u064a\u0633\u062a \u0645\u0633\u0624\u0648\u0644\u0629 \u0639\u0646 \u0647\u0630\u0627 \u0627\u0644\u0623\u0645\u0631:\n<ul>\n  <li>\u0627\u0644\u0642\u0631\u0627\u0631\u0627\u062a \u0623\u0648 \u0627\u0644\u0623\u062e\u0637\u0627\u0621 \u0627\u0644\u062a\u064a \u064a\u0631\u062a\u0643\u0628\u0647\u0627 \u0627\u0644\u0645\u0648\u0631\u062f\u061b<\/li>\n  <li>Des Evolutions Tarifaires apr\u00e8s Souscription ;<\/li>\n  <li>\u0639\u0648\u0627\u0642\u0628 \u0627\u0644\u0645\u0639\u0644\u0648\u0645\u0627\u062a \u0627\u0644\u062a\u064a \u064a\u0642\u062f\u0645\u0647\u0627 \u0627\u0644\u0639\u0645\u064a\u0644.<\/li>\n<\/ul>\n<\/p>\n\n<h2>7. \u0627\u0644\u0645\u062f\u0629 \u0648\u0627\u0644\u0645\u0631\u0648\u0646\u0629<\/h2>\n<p>\u0627\u0644\u0634\u0631\u0648\u0637 \u0627\u0644\u062d\u0627\u0644\u064a\u0629 \u0644\u0627 \u062a\u0646\u0637\u0628\u0642 \u0639\u0644\u0649 \u0633\u0639\u0631 \u0627\u0644\u0627\u062a\u0635\u0627\u0644 \u0639\u0628\u0631 Belgaz SRL. \u064a\u0645\u0643\u0646 \u0644\u0644\u0639\u0645\u064a\u0644 \u0627\u0644\u0627\u0646\u0633\u062d\u0627\u0628 \u0641\u064a \u0623\u064a \u0648\u0642\u062a \u0642\u0628\u0644 \u062a\u0648\u0642\u064a\u0639 \u0627\u0644\u0639\u0642\u062f \u0645\u0639 \u0627\u0644\u0645\u0648\u0631\u062f.<\/p>\n\n<h2>8. \u0627\u0644\u0628\u064a\u0627\u0646\u0627\u062a \u0627\u0644\u0634\u062e\u0635\u064a\u0629 (RGPD)<\/h2>\n<p>\u062a\u062d\u062a\u0631\u0645 \u0634\u0631\u0643\u0629 Belgaz SRL \u0627\u0644\u0644\u0627\u0626\u062d\u0629 \u0627\u0644\u0639\u0627\u0645\u0629 \u0644\u062d\u0645\u0627\u064a\u0629 \u0627\u0644\u0628\u064a\u0627\u0646\u0627\u062a (RGPD). \u0627\u0644\u0645\u062c\u0645\u0648\u0639\u0627\u062a \u0627\u0644\u0645\u062c\u0645\u0639\u0629 \u0645\u0641\u064a\u062f\u0629 \u0628\u0634\u0643\u0644 \u0641\u0631\u064a\u062f \u0644\u0640:\n<ul>\n  <li>\u0645\u062d\u0644\u0644 \u0645\u0644\u0641 \u062a\u0639\u0631\u064a\u0641 \u0627\u0644\u0627\u0633\u062a\u0647\u0644\u0627\u0643 ;<\/li>\n  <li>\u0627\u0642\u062a\u0631\u0627\u062d \u0639\u0642\u062f \u0644\u0644\u062a\u0643\u064a\u0641 \u0645\u0639 \u0627\u0644\u0637\u0627\u0642\u0629\u061b<\/li>\n  <li>\u0627\u0644\u062a\u0648\u0627\u0635\u0644 \u0645\u0639 \u0627\u0644\u0645\u0648\u0631\u062f\u064a\u0646 \u0627\u0644\u0634\u0631\u0643\u0627\u0621.<\/li>\n<\/ul>\nAucune donn\u00e9e n&#039;est transmise \u00e0 des tier Non Partenaires sans \u0645\u0648\u0627\u0641\u0642\u0629. \u064a\u0645\u0643\u0646 \u0644\u0644\u0639\u0645\u064a\u0644 \u0645\u0645\u0627\u0631\u0633\u0629 \u062d\u0642\u0648\u0642\u0647 (\u0627\u0644\u0648\u0635\u0648\u0644\u060c \u0627\u0644\u062a\u0635\u062d\u064a\u062d\u060c \u0627\u0644\u0642\u0645\u0639\u060c \u0627\u0644\u0645\u0639\u0627\u0631\u0636\u0629) \u0639\u0646 \u0637\u0631\u064a\u0642 \u0627\u0644\u0627\u062a\u0635\u0627\u0644 : <a href=\"mailto:privacy@belgaz.be\">privacy@belgaz.be<\/a>\n<\/p>\n\n<h2>9. \u0627\u0644\u0645\u0644\u0643\u064a\u0629 \u0627\u0644\u0641\u0643\u0631\u064a\u0629<\/h2>\n<p>\u062c\u0645\u064a\u0639 \u0627\u0644\u0645\u062d\u062a\u0648\u064a\u0627\u062a \u0627\u0644\u0645\u0646\u0634\u0648\u0631\u0629 \u0628\u0648\u0627\u0633\u0637\u0629 Belgaz SRL (\u0627\u0644\u0645\u0631\u0627\u0641\u0642 \u0648\u0627\u0644\u0646\u0635\u0648\u0635 \u0648\u0627\u0644\u0634\u0639\u0627\u0631\u0627\u062a \u0648\u0627\u0644\u062a\u0642\u0627\u0631\u064a\u0631) \u0645\u062d\u0645\u064a\u0629. \u0643\u0644 \u0625\u0639\u0627\u062f\u0629 \u0625\u0646\u062a\u0627\u062c \u0623\u0648 \u0646\u0634\u0631 \u062f\u0648\u0646 \u062a\u0631\u062e\u064a\u0635 \u0647\u0648 \u0623\u0645\u0631 \u0645\u062d\u0638\u0648\u0631.<\/p>\n\n<h2>10. \u0627\u0644\u062f\u0639\u0627\u0648\u0649 \u0648\u0627\u0644\u062d\u0642\u0648\u0642 \u0627\u0644\u0645\u0637\u0628\u0642\u0629<\/h2>\n<p>\u064a\u0646\u0637\u0628\u0642 \u0627\u0644\u0642\u0627\u0646\u0648\u0646 \u0627\u0644\u0628\u0644\u062c\u064a\u0643\u064a. \u0623\u0643\u062b\u0631 \u0645\u0646 \u0623\u064a \u0645\u0631\u0627\u062c\u0639\u0629 \u0642\u0627\u0646\u0648\u0646\u064a\u0629 \u0644\u0645\u062d\u0643\u0645\u0629 \u0628\u0631\u0648\u0643\u0633\u0644\u060c \u0647\u064a \u0627\u0644\u062a\u0635\u0631\u0641\u0627\u062a \u0627\u0644\u0642\u0627\u0646\u0648\u0646\u064a\u0629 \u0627\u0644\u0645\u062e\u0627\u0644\u0641\u0629.<\/p>\n\n<\/body>\n<\/html>\t\t\t\t<\/div>\n\t\t\t\t<\/div>\n\t\t\t\t<div class=\"elementor-element elementor-element-c1f1b2b elementor-widget elementor-widget-spacer\" data-id=\"c1f1b2b\" data-element_type=\"widget\" data-widget_type=\"spacer.default\">\n\t\t\t\t<div class=\"elementor-widget-container\">\n\t\t\t\t\t\t\t<div class=\"elementor-spacer\">\n\t\t\t<div class=\"elementor-spacer-inner\"><\/div>\n\t\t<\/div>\n\t\t\t\t\t\t<\/div>\n\t\t\t\t<\/div>\n\t\t\t\t<\/div>\n\t\t\t\t<\/div>\n\t\t<div class=\"elementor-element elementor-element-d3e4f8c e-flex e-con-boxed e-con e-parent\" data-id=\"d3e4f8c\" data-element_type=\"container\">\n\t\t\t\t\t<div class=\"e-con-inner\">\n\t\t\t\t\t<\/div>\n\t\t\t\t<\/div>\n\t\t\t\t<\/div>","protected":false},"excerpt":{"rendered":"<p>\u0627\u0644\u0634\u0631\u0648\u0637 \u0627\u0644\u0639\u0627\u0645\u0629 \u2013 Belgaz SRL \u0627\u0644\u0634\u0631\u0648\u0637 Generals de Vente et de Service Belgaz SRL N\u00b0 d&#039;entreprise: BE0777.599.609 Si\u00e8ge social: Boulevard Lambermont 127 1030 Schaerbeek \u0627\u0644\u0628\u0631\u064a\u062f \u0627\u0644\u0625\u0644\u0643\u062a\u0631\u0648\u0646\u064a: info@belgaz.be \u0627\u0644\u0647\u0627\u062a\u0641: 1. Object Les \u0627\u0644\u0638\u0631\u0648\u0641 \u0627\u0644\u0639\u0627\u0645\u0629 \u0627\u0644\u062d\u0627\u0644\u064a\u0629 \u0645\u0646 \u0623\u062c\u0644 \u062a\u062d\u062f\u064a\u062f \u0637\u0631\u0627\u0626\u0642 \u0627\u0644\u062f\u0631\u0648\u0633 Belgaz SRL\u060c agent \u0648\u0646\u0648\u0639\u064a\u0629 \u0631\u062c\u0644 \u0627\u0644\u0628\u0644\u0627\u0637 \u0627\u0644\u0645\u0633\u062a\u0642\u0644 \u0648 [...]<\/p>","protected":false},"author":1,"featured_media":0,"parent":0,"menu_order":0,"comment_status":"closed","ping_status":"closed","template":"elementor_canvas","meta":{"footnotes":""},"class_list":["post-336","page","type-page","status-publish","hentry"],"yoast_head":"<!-- This site is optimized with the Yoast SEO plugin v25.0 - https:\/\/yoast.com\/wordpress\/plugins\/seo\/ -->\n<title>Conditions g\u00e9n\u00e9rales - BELGAZ<\/title>\n<meta name=\"robots\" content=\"index, follow, max-snippet:-1, max-image-preview:large, max-video-preview:-1\" \/>\n<link rel=\"canonical\" href=\"https:\/\/www.belgaz.be\/ar\/conditions-generales\/\" \/>\n<meta property=\"og:locale\" content=\"ar_AR\" \/>\n<meta property=\"og:type\" content=\"article\" \/>\n<meta property=\"og:title\" content=\"Conditions g\u00e9n\u00e9rales - BELGAZ\" \/>\n<meta property=\"og:description\" content=\"Conditions g\u00e9n\u00e9rales &#8211; Belgaz SRL Conditions G\u00e9n\u00e9rales de Vente et de Service Belgaz SRL N\u00b0 d\u2019entreprise : BE0777.599.609 Si\u00e8ge social : Boulevard Lambermont 127 1030 Schaerbeek E-mail : info@belgaz.be T\u00e9l\u00e9phone : 1. Objet Les pr\u00e9sentes conditions g\u00e9n\u00e9rales ont pour objet de d\u00e9finir les modalit\u00e9s dans lesquelles Belgaz SRL, agissant en qualit\u00e9 de courtier ind\u00e9pendant en [&hellip;]\" \/>\n<meta property=\"og:url\" content=\"https:\/\/www.belgaz.be\/ar\/conditions-generales\/\" \/>\n<meta property=\"og:site_name\" content=\"BELGAZ\" \/>\n<meta property=\"article:modified_time\" content=\"2025-04-30T10:16:46+00:00\" \/>\n<meta name=\"twitter:card\" content=\"summary_large_image\" \/>\n<meta name=\"twitter:label1\" content=\"Est. reading time\" \/>\n\t<meta name=\"twitter:data1\" content=\"3 minutes\" \/>\n<script type=\"application\/ld+json\" class=\"yoast-schema-graph\">{\"@context\":\"https:\/\/schema.org\",\"@graph\":[{\"@type\":\"WebPage\",\"@id\":\"https:\/\/www.belgaz.be\/conditions-generales\/\",\"url\":\"https:\/\/www.belgaz.be\/conditions-generales\/\",\"name\":\"Conditions g\u00e9n\u00e9rales - BELGAZ\",\"isPartOf\":{\"@id\":\"https:\/\/www.belgaz.be\/#website\"},\"primaryImageOfPage\":{\"@id\":\"https:\/\/www.belgaz.be\/conditions-generales\/#primaryimage\"},\"image\":{\"@id\":\"https:\/\/www.belgaz.be\/conditions-generales\/#primaryimage\"},\"thumbnailUrl\":\"https:\/\/www.belgaz.be\/wp-content\/uploads\/2025\/03\/Belgaz-logo.svg\",\"datePublished\":\"2025-04-30T10:12:06+00:00\",\"dateModified\":\"2025-04-30T10:16:46+00:00\",\"breadcrumb\":{\"@id\":\"https:\/\/www.belgaz.be\/conditions-generales\/#breadcrumb\"},\"inLanguage\":\"ary\",\"potentialAction\":[{\"@type\":\"ReadAction\",\"target\":[\"https:\/\/www.belgaz.be\/conditions-generales\/\"]}]},{\"@type\":\"ImageObject\",\"inLanguage\":\"ary\",\"@id\":\"https:\/\/www.belgaz.be\/conditions-generales\/#primaryimage\",\"url\":\"https:\/\/www.belgaz.be\/wp-content\/uploads\/2025\/03\/Belgaz-logo.svg\",\"contentUrl\":\"https:\/\/www.belgaz.be\/wp-content\/uploads\/2025\/03\/Belgaz-logo.svg\"},{\"@type\":\"BreadcrumbList\",\"@id\":\"https:\/\/www.belgaz.be\/conditions-generales\/#breadcrumb\",\"itemListElement\":[{\"@type\":\"ListItem\",\"position\":1,\"name\":\"Accueil\",\"item\":\"https:\/\/www.belgaz.be\/\"},{\"@type\":\"ListItem\",\"position\":2,\"name\":\"Conditions g\u00e9n\u00e9rales\"}]},{\"@type\":\"WebSite\",\"@id\":\"https:\/\/www.belgaz.be\/#website\",\"url\":\"https:\/\/www.belgaz.be\/\",\"name\":\"BELGAZ\",\"description\":\"\",\"publisher\":{\"@id\":\"https:\/\/www.belgaz.be\/#organization\"},\"potentialAction\":[{\"@type\":\"SearchAction\",\"target\":{\"@type\":\"EntryPoint\",\"urlTemplate\":\"https:\/\/www.belgaz.be\/?s={search_term_string}\"},\"query-input\":{\"@type\":\"PropertyValueSpecification\",\"valueRequired\":true,\"valueName\":\"search_term_string\"}}],\"inLanguage\":\"ary\"},{\"@type\":\"Organization\",\"@id\":\"https:\/\/www.belgaz.be\/#organization\",\"name\":\"BELGAZ\",\"url\":\"https:\/\/www.belgaz.be\/\",\"logo\":{\"@type\":\"ImageObject\",\"inLanguage\":\"ary\",\"@id\":\"https:\/\/www.belgaz.be\/#\/schema\/logo\/image\/\",\"url\":\"https:\/\/www.belgaz.be\/wp-content\/uploads\/2025\/03\/Belgaz-logo.svg\",\"contentUrl\":\"https:\/\/www.belgaz.be\/wp-content\/uploads\/2025\/03\/Belgaz-logo.svg\",\"width\":151,\"height\":32,\"caption\":\"BELGAZ\"},\"image\":{\"@id\":\"https:\/\/www.belgaz.be\/#\/schema\/logo\/image\/\"}}]}<\/script>\n<!-- \/ Yoast SEO plugin. -->","yoast_head_json":{"title":"Conditions g\u00e9n\u00e9rales - BELGAZ","robots":{"index":"index","follow":"follow","max-snippet":"max-snippet:-1","max-image-preview":"max-image-preview:large","max-video-preview":"max-video-preview:-1"},"canonical":"https:\/\/www.belgaz.be\/ar\/conditions-generales\/","og_locale":"ar_AR","og_type":"article","og_title":"Conditions g\u00e9n\u00e9rales - BELGAZ","og_description":"Conditions g\u00e9n\u00e9rales &#8211; Belgaz SRL Conditions G\u00e9n\u00e9rales de Vente et de Service Belgaz SRL N\u00b0 d\u2019entreprise : BE0777.599.609 Si\u00e8ge social : Boulevard Lambermont 127 1030 Schaerbeek E-mail : info@belgaz.be T\u00e9l\u00e9phone : 1. Objet Les pr\u00e9sentes conditions g\u00e9n\u00e9rales ont pour objet de d\u00e9finir les modalit\u00e9s dans lesquelles Belgaz SRL, agissant en qualit\u00e9 de courtier ind\u00e9pendant en [&hellip;]","og_url":"https:\/\/www.belgaz.be\/ar\/conditions-generales\/","og_site_name":"BELGAZ","article_modified_time":"2025-04-30T10:16:46+00:00","twitter_card":"summary_large_image","twitter_misc":{"Est. reading time":"3 minutes"},"schema":{"@context":"https:\/\/schema.org","@graph":[{"@type":"WebPage","@id":"https:\/\/www.belgaz.be\/conditions-generales\/","url":"https:\/\/www.belgaz.be\/conditions-generales\/","name":"Conditions g\u00e9n\u00e9rales - BELGAZ","isPartOf":{"@id":"https:\/\/www.belgaz.be\/#website"},"primaryImageOfPage":{"@id":"https:\/\/www.belgaz.be\/conditions-generales\/#primaryimage"},"image":{"@id":"https:\/\/www.belgaz.be\/conditions-generales\/#primaryimage"},"thumbnailUrl":"https:\/\/www.belgaz.be\/wp-content\/uploads\/2025\/03\/Belgaz-logo.svg","datePublished":"2025-04-30T10:12:06+00:00","dateModified":"2025-04-30T10:16:46+00:00","breadcrumb":{"@id":"https:\/\/www.belgaz.be\/conditions-generales\/#breadcrumb"},"inLanguage":"ary","potentialAction":[{"@type":"ReadAction","target":["https:\/\/www.belgaz.be\/conditions-generales\/"]}]},{"@type":"ImageObject","inLanguage":"ary","@id":"https:\/\/www.belgaz.be\/conditions-generales\/#primaryimage","url":"https:\/\/www.belgaz.be\/wp-content\/uploads\/2025\/03\/Belgaz-logo.svg","contentUrl":"https:\/\/www.belgaz.be\/wp-content\/uploads\/2025\/03\/Belgaz-logo.svg"},{"@type":"BreadcrumbList","@id":"https:\/\/www.belgaz.be\/conditions-generales\/#breadcrumb","itemListElement":[{"@type":"ListItem","position":1,"name":"Accueil","item":"https:\/\/www.belgaz.be\/"},{"@type":"ListItem","position":2,"name":"Conditions g\u00e9n\u00e9rales"}]},{"@type":"WebSite","@id":"https:\/\/www.belgaz.be\/#website","url":"https:\/\/www.belgaz.be\/","name":"BELGAZ","description":"","publisher":{"@id":"https:\/\/www.belgaz.be\/#organization"},"potentialAction":[{"@type":"SearchAction","target":{"@type":"EntryPoint","urlTemplate":"https:\/\/www.belgaz.be\/?s={search_term_string}"},"query-input":{"@type":"PropertyValueSpecification","valueRequired":true,"valueName":"search_term_string"}}],"inLanguage":"ary"},{"@type":"Organization","@id":"https:\/\/www.belgaz.be\/#organization","name":"BELGAZ","url":"https:\/\/www.belgaz.be\/","logo":{"@type":"ImageObject","inLanguage":"ary","@id":"https:\/\/www.belgaz.be\/#\/schema\/logo\/image\/","url":"https:\/\/www.belgaz.be\/wp-content\/uploads\/2025\/03\/Belgaz-logo.svg","contentUrl":"https:\/\/www.belgaz.be\/wp-content\/uploads\/2025\/03\/Belgaz-logo.svg","width":151,"height":32,"caption":"BELGAZ"},"image":{"@id":"https:\/\/www.belgaz.be\/#\/schema\/logo\/image\/"}}]}},"_links":{"self":[{"href":"https:\/\/www.belgaz.be\/ar\/wp-json\/wp\/v2\/pages\/336","targetHints":{"allow":["GET"]}}],"collection":[{"href":"https:\/\/www.belgaz.be\/ar\/wp-json\/wp\/v2\/pages"}],"about":[{"href":"https:\/\/www.belgaz.be\/ar\/wp-json\/wp\/v2\/types\/page"}],"author":[{"embeddable":true,"href":"https:\/\/www.belgaz.be\/ar\/wp-json\/wp\/v2\/users\/1"}],"replies":[{"embeddable":true,"href":"https:\/\/www.belgaz.be\/ar\/wp-json\/wp\/v2\/comments?post=336"}],"version-history":[{"count":10,"href":"https:\/\/www.belgaz.be\/ar\/wp-json\/wp\/v2\/pages\/336\/revisions"}],"predecessor-version":[{"id":347,"href":"https:\/\/www.belgaz.be\/ar\/wp-json\/wp\/v2\/pages\/336\/revisions\/347"}],"wp:attachment":[{"href":"https:\/\/www.belgaz.be\/ar\/wp-json\/wp\/v2\/media?parent=336"}],"curies":[{"name":"wp","href":"https:\/\/api.w.org\/{rel}","templated":true}]}}